{"id":240,"date":"2021-01-29T23:55:43","date_gmt":"2021-01-29T23:55:43","guid":{"rendered":"https:\/\/www.ct-webservice.de\/?page_id=240"},"modified":"2021-02-08T07:04:17","modified_gmt":"2021-02-08T07:04:17","slug":"willkommen-bei-ct-webservice-aus-krefeld","status":"publish","type":"page","link":"https:\/\/www.ct-webservice.de\/","title":{"rendered":"Willkommen bei CT-Webservice"},"content":{"rendered":"\n<div class=\"wp-block-image\"><figure class=\"aligncenter size-large is-resized\"><img loading=\"lazy\" decoding=\"async\" src=\"https:\/\/www.ct-webservice.de\/wp-content\/uploads\/2021\/01\/Logos_ab_2017-1024x434.jpg\" alt=\"\" class=\"wp-image-413\" width=\"512\" height=\"217\" srcset=\"https:\/\/www.ct-webservice.de\/wp-content\/uploads\/2021\/01\/Logos_ab_2017-1024x434.jpg 1024w, https:\/\/www.ct-webservice.de\/wp-content\/uploads\/2021\/01\/Logos_ab_2017-300x127.jpg 300w, https:\/\/www.ct-webservice.de\/wp-content\/uploads\/2021\/01\/Logos_ab_2017-768x326.jpg 768w, https:\/\/www.ct-webservice.de\/wp-content\/uploads\/2021\/01\/Logos_ab_2017.jpg 1219w\" sizes=\"auto, (max-width: 512px) 100vw, 512px\" \/><\/figure><\/div>\n\n\n\n<p class=\"has-text-align-center has-white-color has-header-gradient-background-color has-text-color has-background\"><strong>Wir freuen uns Dich auf unserer Website begr\u00fc\u00dfen zu d\u00fcrfen.<\/strong> <br><br>\u2022 Du bist auf der Suche nach g\u00fcnstigem &amp; sicheren Webspace?<br>\u2022 Du m\u00f6chtest eine eigene Website erstellen oder erstellen lassen?<br>\u2022 Deine bestehende Homepage ben\u00f6tigt ein Update?<br>\u2022 Du w\u00fcnschst eigene E-Mail Adressen mit Deinem Domainnamen?<br>\u2022 Du ben\u00f6tigst Gesch\u00e4ftspapiere f\u00fcr Dein Unternehmen?<br>\u2022 Du suchst Werbeartikel mit Deinem Corporate Design?<\/p>\n\n\n\n<strong><\/strong><center><strong><h3><font color=\"#32cd32\">\u2022 \u2022 \u2022 \u2022 \u2022 \u2022 \u2022 \u2022 \u2022 \u2022<\/font><\/h3><\/strong><\/center>\n\n\n\n<h3 class=\"has-text-align-center has-white-color has-text-color has-background wp-block-heading\" style=\"background-color:#660680\"><strong>Dann bist Du hier genau richtig, denn&#8230;<\/strong><\/h3>\n\n\n\n<div class=\"wp-block-buttons is-layout-flex wp-block-buttons-is-layout-flex\"><\/div>\n\n\n\n<p class=\"has-text-align-center has-white-color has-header-gradient-background-color has-text-color has-background\">&#8230;das ist genau der <strong>T\u00e4tigkeitsbereich<\/strong> in dem wir nun schon <strong>\u00fcber 15 Jahre<\/strong> t\u00e4tig sind.<br>Wir <strong>arbeiten<\/strong> mit einem <strong>gro\u00dfen deutschen Webhoster<\/strong> zusammen. Dadurch k\u00f6nnen wir <strong>attraktive Hosting Pakete<\/strong> auf <strong>sicheren, schnellen Servern<\/strong> mit <strong>Standort in Frankfurt \/ Germany<\/strong> anbieten die alle Features bieten die Du ben\u00f6tigst.<br>Alle Hosting Pakete beinhalten u.a. eine <strong>.de Domain<\/strong>, <strong>E-Mail<\/strong> (POP3\/IMAP oder per Webmail), <strong>TLS\/SSL<\/strong> Zertifikate, <strong>MySQL<\/strong> Datenbanken, <strong>Backup-Manager<\/strong>, <strong>Plesk<\/strong>-Verwaltung, <strong>Subdomains<\/strong> sowie alle php-Versionen.<\/p>\n\n\n\n<p><\/p>\n","protected":false},"excerpt":{"rendered":"<p>Wir freuen uns Dich auf unserer Website begr\u00fc\u00dfen zu d\u00fcrfen. \u2022 Du bist auf der Suche nach g\u00fcnstigem &amp; sicheren Webspace?\u2022 Du m\u00f6chtest eine eigene Website erstellen oder erstellen lassen?\u2022 Deine bestehende Homepage ben\u00f6tigt ein Update?\u2022 Du w\u00fcnschst eigene E-Mail Adressen mit Deinem Domainnamen?\u2022 Du ben\u00f6tigst Gesch\u00e4ftspapiere f\u00fcr Dein Unternehmen?\u2022 [&hellip;]<\/p>\n","protected":false},"author":2,"featured_media":597,"parent":0,"menu_order":0,"comment_status":"closed","ping_status":"closed","template":"","meta":{"footnotes":""},"class_list":["post-240","page","type-page","status-publish","has-post-thumbnail","hentry"],"_links":{"self":[{"href":"https:\/\/www.ct-webservice.de\/index.php\/wp-json\/wp\/v2\/pages\/240","targetHints":{"allow":["GET"]}}],"collection":[{"href":"https:\/\/www.ct-webservice.de\/index.php\/wp-json\/wp\/v2\/pages"}],"about":[{"href":"https:\/\/www.ct-webservice.de\/index.php\/wp-json\/wp\/v2\/types\/page"}],"author":[{"embeddable":true,"href":"https:\/\/www.ct-webservice.de\/index.php\/wp-json\/wp\/v2\/users\/2"}],"replies":[{"embeddable":true,"href":"https:\/\/www.ct-webservice.de\/index.php\/wp-json\/wp\/v2\/comments?post=240"}],"version-history":[{"count":77,"href":"https:\/\/www.ct-webservice.de\/index.php\/wp-json\/wp\/v2\/pages\/240\/revisions"}],"predecessor-version":[{"id":615,"href":"https:\/\/www.ct-webservice.de\/index.php\/wp-json\/wp\/v2\/pages\/240\/revisions\/615"}],"wp:featuredmedia":[{"embeddable":true,"href":"https:\/\/www.ct-webservice.de\/index.php\/wp-json\/wp\/v2\/media\/597"}],"wp:attachment":[{"href":"https:\/\/www.ct-webservice.de\/index.php\/wp-json\/wp\/v2\/media?parent=240"}],"curies":[{"name":"wp","href":"https:\/\/api.w.org\/{rel}","templated":true}]}}