{"id":227,"date":"2021-01-29T12:10:43","date_gmt":"2021-01-29T12:10:43","guid":{"rendered":"https:\/\/www.ct-webservice.de\/?page_id=227"},"modified":"2026-02-19T19:36:02","modified_gmt":"2026-02-19T19:36:02","slug":"allgemeine-geschaeftsbedingungen","status":"publish","type":"page","link":"https:\/\/www.ct-webservice.de\/index.php\/allgemeine-geschaeftsbedingungen\/","title":{"rendered":"Allgemeine Gesch\u00e4ftsbedingungen"},"content":{"rendered":"\n<p>Die folgenden allgemeinen Gesch\u00e4ftsbedingungen (AGB) sind Bestandteil aller Vertr\u00e4ge mit der Firma CT-Webservice (Inhaber: Christian Thewes), im weiteren auch CTW genannt.<\/p>\n\n\n\n<p>\u00a71. Auftragserteilung<br>Mit der Erteilung des Auftrags an CTW, gleichg\u00fcltig in welcher Form die Auftragserteilung erfolgt, erkennt der Kunde die nachfolgenden allgemeinen Gesch\u00e4ftsbedingungen f\u00fcr die Dauer der gesamten Gesch\u00e4ftsbeziehung an. Dar\u00fcber hinaus werden auch die allgemeinen Lieferungs- und allgemeinen Zahlungsbedingungen von CTW f\u00fcr die gesamte Dauer der Gesch\u00e4ftsbeziehung anerkannt. Sollte der Kunde abweichende, individuelle Vertragsbedingungen w\u00fcnschen, so hat er dies gegen\u00fcber CTW schriftlich mitzuteilen. Die individuell ausgehandelten Vertragsbedingungen werden jedoch erst wirksam, wenn sie durch CTW schriftlich gegen\u00fcber dem Kunden anerkannt wurden.<\/p>\n\n\n\n<p>\u00a72. Vertragssprache<br>Die Vertragssprache ist ausschlie\u00dflich deutsch.<\/p>\n\n\n\n<p>\u00a73. Dienstleistungsbeschreibung<br>Mit der Annahme des Auftrages durch CTW und der Zuteilung von Speicherplatz und der Login Daten kommt ein Vertrag \u00fcber die Nutzung der Dienstleistung zu Stande. Domainnamen auf dem Webspace werden durch CTW bei dem jeweiligen NIC registriert und direkt mit dem Kunden abgerechnet. Die zum Betrieb des zur Verf\u00fcgung gestellten Webspace ben\u00f6tigten IP-Nummern bleiben im Besitz von CTW und d\u00fcrfen jederzeit durch diesen ver\u00e4ndert werden.<br>Daten zur Registrierung von Domainnamen werden an den jeweiligen NIC in einem automatisierten Verfahren \u00fcbermittelt. Der Kunde kann von einer tats\u00e4chlichen Verf\u00fcgbarkeit und Zuteilung des Domainnamen erst ausgehen, wenn dieser durch den jeweiligen NIC best\u00e4tigt ist. Jegliche Haftung und Gew\u00e4hrleistung f\u00fcr die Zuteilung der bestellten Domainnamen ist seitens CTW ausgeschlossen. Zur Erstellung von Statistiken werden auf dem Webspace des Kunden so genannte Log-Files gespeichert. Die Log-Files verbrauchen Teile des zur Verf\u00fcgung gestellten Speicherplatzes und k\u00f6nnen daher von CTW in angemessenen, von CTW festzulegenden Intervallen wieder gel\u00f6scht werden. Der Kunde kann die Log-Files bei Bedarf von dem Server abrufen. Eine Auswertung der Log-Files erfolgt von CTW nur mit dem Zweck, dem Kunden zentral aufbereitete und verdichtete Statistiken gem\u00e4\u00df Kundeninformation bereitzustellen. Eine dar\u00fcber hinaus gehende Speicherung und Nutzung durch CTW ist ausgeschlossen. Der Kunde ist nicht berechtigt, diese Log-Files zu l\u00f6schen oder zu modifizieren. Bei der Bereitstellung seiner Dienstleistung geht CTW davon aus, dass der Webspace im Jahresmittel zu 95 % verf\u00fcgbar ist. Hiervon ausgenommen sind insbesondere Zeiten, in denen der Webserver aufgrund von technischen oder sonstigen Problemen, die nicht im Einflussbereich des Providers liegen<br>(z. B. h\u00f6here Gewalt, Verschulden eines Dritten, ect.) \u00fcber das Internet nicht zu erreichen ist.<\/p>\n\n\n\n<p>\u00a74. Pflichten des Kunden<br>a) Der Inhalt der Seiten darf nicht gegen geltendes Recht der Bundesrepublik Deutschland, USA und Internationales Recht versto\u00dfen.<br>b) Der Kunde wird mit seinem Angebot keinerlei Warenzeichen-, Patent-, oder andere Rechte Dritter verletzen.<br>c) Der Kunde wird in keiner Form Inhalte wie rassistische, Gewalt verherrlichende oder Inhalte mit hetzerischer Absicht auf dem Server speichern oder publizieren.<br>d) Der Kunde darf auf seinen Seiten Dritte nicht negativ darstellen oder \u00f6ffentlichen Ansto\u00df erregen.<br>e) Eine Unter- \/ Weitervermietung des Pakets oder Teilen davon ist ausgeschlossen.<br>f) Der Kunde verpflichtet sich, keine Werbe- Rundschreiben oder Massenmailings (Mailingaktionen, Spam) via Electronic-Mail (E-Mail) von seinem Account aus zu initiieren,<br>ohne von den E-Mail Empf\u00e4ngern dazu aufgefordert zu sein.<br>g) Der Kunde hat unverz\u00fcglich eintretende \u00c4nderungen Vertrags relevanter Angaben mitzuteilen. Hierzu geh\u00f6ren sowohl Adress- und Telefonverbindungsangaben, als auch Firmen bezogene Angaben.<br>h) Der Kunde erh\u00e4lt zur Pflege seines Angebotes einen Loginnamen und ein Login Passwort. Er ist verpflichtet, diese vertraulich zu behandeln und haftet f\u00fcr jeden Missbrauch, der aus einer unberechtigten Verwendung des Passwortes resultiert. F\u00fcr den Inhalt der Seiten ist der Kunde selbst verantwortlich.<\/p>\n\n\n\n<p>\u00a75. Au\u00dferordentliche K\u00fcndigung<br>CTW kann den Vertrag fristlos k\u00fcndigen und den Account \/ Server sofort sperren, wenn der Kunde gegen die Bestimmungen (AGB) von CTW verst\u00f6\u00dft. Es besteht von Seiten CTW keine Pr\u00fcfungspflicht der Seiten des Kunden. CTW beh\u00e4lt sich das Recht vor, das Angebot des Kunden unverz\u00fcglich zu sperren, falls dieser Dinge auf seinem Account \/ Server einrichtet, die das Betriebsverhalten des Servers beeintr\u00e4chtigen. CTW kann in diesem Falle darauf bestehen, dass monatliche Entgelte vom Kunden bis zum regul\u00e4ren Ende der Vertragsdauer weiter entrichtet werden.<\/p>\n\n\n\n<p>\u00a76. Widerrufsbelehrung<br>Belehrung: Sie k\u00f6nnen Ihre Vertragserkl\u00e4rung innerhalb von 14 Tagen ohne Angabe von Gr\u00fcnden in Textform (z. B. Brief, Fax, E-Mail) oder per Telefon widerrufen. Die Frist beginnt nach Erhalt dieser Belehrung in Textform, jedoch nicht vor Vertragsschluss. Zur Wahrung der Widerrufsfrist gen\u00fcgt die rechtzeitige Absendung des Widerrufs. Der Widerruf ist zu richten an:<\/p>\n\n\n\n<p><strong><span class=\"has-inline-color has-vivid-green-cyan-color\">CT-Webservice<\/span><\/strong><br>Inh. Christian Thewes<br>Bonesender Stra\u00dfe 27<br>41751 Viersen<br>Tel.: 0170 &#8211; 32 34 866<br>Mail: info@ct-webservice.de<\/p>\n\n\n\n<p>Der Widerruf kann ohne Angabe von Gr\u00fcnden erfolgen.<\/p>\n\n\n\n<p>Widerrufsfolgen<br>Im Falle eines wirksamen Widerrufs sind die beiderseits empfangenen Leistungen zur\u00fcckzugew\u00e4hren und ggf. gezogene Nutzungen (z. B. Zinsen) herauszugeben. K\u00f6nnen Sie uns die empfangene Leistung sowie Nutzungen (z.B. Gebrauchsvorteile) nicht oder teilweise nicht oder nur in verschlechtertem Zustand zur\u00fcckgew\u00e4hren beziehungsweise herausgeben, m\u00fcssen Sie uns insoweit Wertersatz leisten. Dies kann dazu f\u00fchren, dass Sie die vertraglichen Zahlungsverpflichtungen f\u00fcr den Zeitraum bis zum Widerruf gleichwohl erf\u00fcllen m\u00fcssen. Verpflichtungen zur Erstattung von Zahlungen m\u00fcssen innerhalb von 30 Tagen erf\u00fcllt werden. Die Frist beginnt f\u00fcr Sie mit der Absendung Ihrer Widerrufserkl\u00e4rung, f\u00fcr uns mit deren Empfang.<\/p>\n\n\n\n<p>Besondere Hinweise<br>Ihr Widerrufsrecht erlischt vorzeitig, wenn der Vertrag von beiden Seiten auf Ihren ausdr\u00fccklichen Wunsch vollst\u00e4ndig erf\u00fcllt ist, bevor Sie Ihr Widerrufsrecht ausge\u00fcbt haben.<\/p>\n\n\n\n<p>\u00a77. Preise, Angebote und Zahlungsbedingungen<br>Die Angebote von CTW sind freibleibend und unverbindlich. Die Preise richten sich dabei nach den jeweils geltenden und aktuellen Preislisten. Alle Preise sind incl. der gesetzlichen Mehrwertsteuer von derzeitig 19%. Sollten bis zur Ausf\u00fchrung des Auftrages Kostenerh\u00f6hungen eintreten, wird der Kunde hier\u00fcber rechtzeitig informiert. Der Kunde ist dabei berechtigt, soweit eine Preiserh\u00f6hung auftritt, von seinem Auftrag an CTW zur\u00fcckzutreten. Entsprechende Rechnungen von CTW hat der Kunde innerhalb von 14 Tagen nach Versand zu zahlen. Ist der Kunde mit einer f\u00e4lligen Zahlung im Verzug, so ist CTW berechtigt, den Zugriff zum Server bis zum Eingang des offenen Betrages zu sperren oder den Vertrag fristlos zu k\u00fcndigen. Dar\u00fcber hinaus ist CTW im Falle des Zahlungsverzuges berechtigt, dem Kunden die durch den Verzug entstandenen Kosten in Rechnung zu stellen sowie von diesem Schadensersatz zu fordern. Bei Nichtzahlung von Domaingeb\u00fchren, insbesondere bei anstehenden Verl\u00e4ngerungen, ist CTW berechtigt die Domains wahlweise in den Transit zu geben oder zu schlie\u00dfen (Close).<\/p>\n\n\n\n<p>\u00a78. Vertragslaufzeit<br>Die Laufzeit des Nutzungsvertrages ist variabel und kann bei der Bestellung ausgew\u00e4hlt werden. Der Vertrag verl\u00e4ngert sich um jeweils der gew\u00e4hlten Laufzeit, wenn er nicht 3 Monate vor Ablauf der Vertragslaufzeit in schriftlicher Form gegen\u00fcber CTW gek\u00fcndigt wird. F\u00fcr die Nutzung des Angebotes von CTW hat der User den jeweiligen Betrag im Voraus zu entrichten. Gleiches gilt, soweit der Nutzungsvertrag verl\u00e4ngert wird.<\/p>\n\n\n\n<p>\u00a79. Besondere Vereinbarung f\u00fcr Traffic intensive Nutzung<br>Im Rahmen, der durch CTW angebotenen Webspace Pakete ist die Nutzung von Traffic intensiven Inhalten verboten. Im Rahmen der Paketangebote ist lediglich der in den jeweiligen Paketen angegebene Traffic zul\u00e4ssig. \u00dcberschreitet der Kunde die Menge des in dem jeweilig genutzten Paket zur Verf\u00fcgung gestellte Datenvolumens, ist CTW berechtigt f\u00fcr die \u00dcberschreitung je angefangenen Gigabyte einen Betrag von 4,00 Euro zu fordern. Dar\u00fcber hinaus ist CTW berechtigt, in einem solchen Fall das Vertragsverh\u00e4ltnis mit dem Kunden au\u00dferordentlich und fristlos zu k\u00fcndigen. Des Weiteren kann CTW die Domain des Kunden bei \u00dcberschreitung des Datenvolumens sofort sperren. Die Sperre kann CTW dann aufheben, wenn der Kunde zum einen die durch die \u00dcberschreitung angefallenen Betr\u00e4ge ausgeglichen hat.<\/p>\n\n\n\n<p>\u00a710. Datensicherheit<br>Der Kunde stellt CTW von s\u00e4mtlichen Anspr\u00fcchen Dritter hinsichtlich der \u00fcberlassenen Daten frei. Der Kunde hat bei der \u00dcbermittlung der Daten die Urheberrechte Dritter zu beachten bzw. f\u00fcr die Nutzung gesch\u00fctzter Daten die Genehmigung zur Nutzung bzw. zur Ver\u00f6ffentlichung vom Urheber zu besorgen. CTW ist nicht f\u00fcr die Datensicherung der auf dem Webspace gesicherten Daten verantwortlich. Soweit Daten auf den Webspace \u00fcbermittelt werden, stellt der Kunde Selbstsicherheitskopien her. Der Kunde erh\u00e4lt zur Pflege seines Angebotes einen Loginnamen und ein Loginpasswort. Er ist verpflichtet, das Passwort vertraulich zu behandeln und vor jedem Missbrauch und unberechtigter Verwendung zu sch\u00fctzen. CTW haftet nicht f\u00fcr Sch\u00e4den, die aus unberechtigter Nutzung oder Missbrauch des Passwortes entstehen. Dem Kunden ist bekannt, dass aufgrund der Strukturen des Internets das Risiko besteht, \u00fcbermittelte Daten abzuh\u00f6ren. Dieses Risiko nimmt der Kunde ausdr\u00fccklich in Kauf. CTW haftet nicht f\u00fcr Sch\u00e4den, die aus dem Abh\u00f6ren von Daten resultieren. Dar\u00fcber hinaus haftet CTW nicht f\u00fcr die Verletzung der Vertraulichkeit von e-Mail Nachrichten oder anderweitig \u00fcbermittelter Informationen.<\/p>\n\n\n\n<p>\u00a711. Ver\u00f6ffentlichte Inhalte, Massenmailings, Mailing Aktionen via elektronic mail<br>Der Kunde stellt CTW von jeglicher Haftung f\u00fcr den Inhalt von \u00fcbermittelten Webseiten auf dem Webspace frei und sichert zu, dass er den Webspace nicht zur Speicherung oder Verbreitung obsz\u00f6nen, bedrohlichen oder verleumderischen Materials verwendet. Soweit der Kunde dennoch solche Inhalte anbietet, ist CTW berechtigt, das Vertragsverh\u00e4ltnis au\u00dferordentlich und fristlos zu k\u00fcndigen. Dar\u00fcber hinaus ist CTW berechtigt, bei Feststellung derartiger Inhalte auf dem Webspace des Kunden den Webspace sofort und ohne Ank\u00fcndigung zu sperren. <br>Der Kunde verpflichtet sich, mit seinem Angebot keinerlei Warenzeichen-, Patent- oder andere Rechte Dritter zu verletzen. Soweit CTW dennoch derartige Verletzungen feststellt, ist CTW berechtigt, das Vertragsverh\u00e4ltnis mit dem Kunden au\u00dferordentlich und fristlos zu k\u00fcndigen. Des Weiteren ist CTW berechtigt, bei Feststellen derartiger Verletzungen den Webspace ohne Ank\u00fcndigung zu sperren. Der Kunde ist verpflichtet, auf dem vom ihm angebotenen Webseiten ein Impressum anzugeben, welches f\u00fcr jeden zug\u00e4nglich ist.<br>CTW beh\u00e4lt sich das Recht vor, das Angebot des Kunden zu sperren, falls dieser Programme oder Inhalte auf seinen Webspace installiert, die das Betriebsverhalten des Servers beeintr\u00e4chtigen k\u00f6nnen.<br>Der Kunde ist verpflichtet, keine Werbe-, Rundschreiben oder Massenmailings (Mailingaktionen) via elektronic mail \u00fcber E-Mailadressen seiner Domain zu initiieren, ohne von den e-Mail Empf\u00e4ngern dazu aufgefordert worden zu sein. Stellt CTW einen Versto\u00df hiergegen fest, ist CTW berechtigt, das Vertragsverh\u00e4ltnis mit dem Kunden au\u00dferordentlich und fristlos zu k\u00fcndigen. Dar\u00fcber hinaus ist CTW berechtigt, den Webspace des Kunden sofort und ohne Ank\u00fcndigung zu sperren. Das Recht zur au\u00dferordentlichen K\u00fcndigung und Sperrung des Webspace steht CTW auch zu, soweit der Kunde Dritten die Nutzung seines Webspace \u00fcberlassen hat und diese die Verst\u00f6\u00dfe verursachen.<br>CTW beh\u00e4lt sich das Recht vor, Inhalte, die das Regelbetriebsverhalten oder die Sicherheit des Servers beeintr\u00e4chtigen grunds\u00e4tzlich zu sperren oder deren Betrieb im Einzelfall zu unterbinden.<\/p>\n\n\n\n<p>\u00a712. Haftung und Schadenersatz<br>CTW \u00fcbernimmt keine Garantie daf\u00fcr, dass der virtuelle Server f\u00fcr einen bestimmten Dienst oder eine bestimmte Software geeignet oder permanent verf\u00fcgbar ist. Die Dienstleistung von CTW ist die zur Verf\u00fcgungsstellung des Webspace. F\u00fcr St\u00f6rungen innerhalb des Internets \u00fcbernimmt CTW keine Haftung. Dar\u00fcber hinaus \u00fcbernimmt CTW keine Haftung f\u00fcr Sch\u00e4den oder Folgesch\u00e4den, die direkt oder indirekt durch den Webspace verursacht werden. <br>Haftung und Schadenersatz sind betragsm\u00e4\u00dfig auf die H\u00f6he des Auftragswertes f\u00fcr die Zeit, in der CTW seine Dienstleistung nicht erbringt, beschr\u00e4nkt.<br>Dem Kunden ist bekannt, das seine Webspace-Acounts auf dem virtuellen Host nur mit Browsern angesprochen werden k\u00f6nnen, die sich an die aktuellen HTTP-Spezifikationen halten. Hierzu z\u00e4hlen insbesondere alle aktuellen Versionen von Microsoft, Mozilla oder Google.<\/p>\n\n\n\n<p>\u00a713. Markenrechtlicher Schutz des Domainnamens<br>Der Kunde versichert gegen\u00fcber CTW, dass durch Registrierung bzw. Konnektierung seines Domainnamens und dem Herauf-laden (Upload) seiner Seiten ins Internet keine Rechte Dritter verletzt und keine gesetzwidrige Zwecke verfolgt werden. Der Kunde ist selbst f\u00fcr die Wahl seines Domainnamens verantwortlich. Er stellt hiermit CTW wegen s\u00e4mtlicher Schadensersatzanspr\u00fcche Dritter, die im Zusammenhang mit der Registrierung bzw. Konnektierung des vom Kunden gew\u00e4hlten Domainnamens entstehen, frei.<br>CTW beh\u00e4lt sich vor, soweit Dritte Recht an dem vom Kunden gew\u00e4hlten Domainnamen geltend machen, den betroffenen Domainnamen bis zu einer gerichtlichen Kl\u00e4rung des Streites zu sperren. Die Kl\u00e4rung des Streits hat der Kunde nachzuweisen.<\/p>\n\n\n\n<p>\u00a714. Schlussbestimmungen<br>Sollte eine der vorgenannten Bestimmungen ganz oder zum Teil nichtig bzw. Rechts unwirksam sein, so ber\u00fchrt dies nicht die Wirksamkeit der anderen Bestimmungen der allgemeinen Gesch\u00e4ftsbedingungen sowie des Vertrages. Auf Vertr\u00e4ge zwischen CTW und dem Kunden gilt das Recht der Bundesrepublik Deutschland unter Ausschluss des UN-Kaufrechts.<br>Erf\u00fcllungsort und Gerichtsstand f\u00fcr alle Streitigkeiten &#8211; ausgenommen Privatkunden &#8211; ist Krefeld. F\u00fcr Privatkunden gilt der allgemeine Gerichtsstand.<br><br>CTW ist berechtigt, den Vertrag nebst s\u00e4mtlichen Rechten und Verpflichtungen auf einen Dritten zu \u00fcbertragen.<\/p>\n","protected":false},"excerpt":{"rendered":"<p>Die folgenden allgemeinen Gesch\u00e4ftsbedingungen (AGB) sind Bestandteil aller Vertr\u00e4ge mit der Firma CT-Webservice (Inhaber: Christian Thewes), im weiteren auch CTW genannt. \u00a71. AuftragserteilungMit der Erteilung des Auftrags an CTW, gleichg\u00fcltig in welcher Form die Auftragserteilung erfolgt, erkennt der Kunde die nachfolgenden allgemeinen Gesch\u00e4ftsbedingungen f\u00fcr die Dauer der gesamten Gesch\u00e4ftsbeziehung an. [&hellip;]<\/p>\n","protected":false},"author":2,"featured_media":0,"parent":0,"menu_order":0,"comment_status":"closed","ping_status":"closed","template":"","meta":{"footnotes":""},"class_list":["post-227","page","type-page","status-publish","hentry"],"_links":{"self":[{"href":"https:\/\/www.ct-webservice.de\/index.php\/wp-json\/wp\/v2\/pages\/227","targetHints":{"allow":["GET"]}}],"collection":[{"href":"https:\/\/www.ct-webservice.de\/index.php\/wp-json\/wp\/v2\/pages"}],"about":[{"href":"https:\/\/www.ct-webservice.de\/index.php\/wp-json\/wp\/v2\/types\/page"}],"author":[{"embeddable":true,"href":"https:\/\/www.ct-webservice.de\/index.php\/wp-json\/wp\/v2\/users\/2"}],"replies":[{"embeddable":true,"href":"https:\/\/www.ct-webservice.de\/index.php\/wp-json\/wp\/v2\/comments?post=227"}],"version-history":[{"count":6,"href":"https:\/\/www.ct-webservice.de\/index.php\/wp-json\/wp\/v2\/pages\/227\/revisions"}],"predecessor-version":[{"id":659,"href":"https:\/\/www.ct-webservice.de\/index.php\/wp-json\/wp\/v2\/pages\/227\/revisions\/659"}],"wp:attachment":[{"href":"https:\/\/www.ct-webservice.de\/index.php\/wp-json\/wp\/v2\/media?parent=227"}],"curies":[{"name":"wp","href":"https:\/\/api.w.org\/{rel}","templated":true}]}}